{"id":6376,"date":"2021-12-07T19:05:58","date_gmt":"2021-12-07T17:05:58","guid":{"rendered":"https:\/\/webadoodle.de\/?page_id=6376"},"modified":"2025-02-19T13:33:52","modified_gmt":"2025-02-19T12:33:52","slug":"faq","status":"publish","type":"page","link":"https:\/\/sniffingdog.de\/en\/faq\/","title":{"rendered":"FAQ"},"content":{"rendered":"<div data-elementor-type=\"wp-page\" data-elementor-id=\"6376\" class=\"elementor elementor-6376\">\n\t\t\t\t\t\t<section class=\"elementor-section elementor-top-section elementor-element elementor-element-82b29d5 elementor-section-boxed elementor-section-height-default elementor-section-height-default\" data-id=\"82b29d5\" data-element_type=\"section\">\n\t\t\t\t\t\t<div class=\"elementor-container elementor-column-gap-default\">\n\t\t\t\t\t<div class=\"elementor-column elementor-col-100 elementor-top-column elementor-element elementor-element-afa2edb column-style-top column-top\" data-id=\"afa2edb\" data-element_type=\"column\">\n\t\t\t<div class=\"elementor-widget-wrap elementor-element-populated\">\n\t\t\t\t\t\t<div class=\"elementor-element elementor-element-4105de6 elementor-widget elementor-widget-gva-heading-block\" data-id=\"4105de6\" data-element_type=\"widget\" data-widget_type=\"gva-heading-block.default\">\n\t\t\t\t<div class=\"elementor-widget-container\">\n\t\t\t\t\t<div class=\"gva-element-gva-heading-block gva-element\">   <div class=\"align-center style-1 widget gsc-heading\">\r\n      <div class=\"content-inner\">\r\n           \r\n                     <h2 class=\"title\">\r\n               <span>Frequently asked questions<\/span>\r\n            <\/h2>\r\n                           \r\n               <\/div>\r\n   <\/div>\r\n   <div class=\"clearfix\"><\/div>\r\n<\/div>\t\t\t\t<\/div>\n\t\t\t\t<\/div>\n\t\t\t\t\t<\/div>\n\t\t<\/div>\n\t\t\t\t\t<\/div>\n\t\t<\/section>\n\t\t\t\t<section class=\"elementor-section elementor-top-section elementor-element elementor-element-3d20dee elementor-section-boxed elementor-section-height-default elementor-section-height-default\" data-id=\"3d20dee\" data-element_type=\"section\">\n\t\t\t\t\t\t<div class=\"elementor-container elementor-column-gap-default\">\n\t\t\t\t\t<div class=\"elementor-column elementor-col-100 elementor-top-column elementor-element elementor-element-9c08a93 column-style-top column-top\" data-id=\"9c08a93\" data-element_type=\"column\">\n\t\t\t<div class=\"elementor-widget-wrap elementor-element-populated\">\n\t\t\t\t\t\t<div class=\"elementor-element elementor-element-188eac2 elementor-widget elementor-widget-gva-icon-box-styles\" data-id=\"188eac2\" data-element_type=\"widget\" data-settings=\"{&quot;_animation&quot;:&quot;none&quot;}\" data-widget_type=\"gva-icon-box-styles.default\">\n\t\t\t\t<div class=\"elementor-widget-container\">\n\t\t\t\t\t<div class=\"gva-element-gva-icon-box-styles gva-element\">\r\n   \r\n   \r\n         <div class=\"widget gsc-icon-box-styles style-3\">\r\n         <div class=\"block-content\">\r\n            <div class=\"content-inner\">\r\n               \r\n                                 <h3 class=\"title\">\r\n                     How much does a website cost?                  <\/h3>\r\n               \r\n                                 <div class=\"desc\">Every client has different needs and expectations. The price depends on the scope of the website, the individual services as well as the level of knowledge of the client and the material available. Basic websites are in the range of 800 - 1200 \u20ac. Extra services are added.\n<\/div>\r\n               \r\n            <\/div>\r\n         <\/div>   \r\n      <\/div> \r\n      \r\n\r\n\r\n<\/div>\t\t\t\t<\/div>\n\t\t\t\t<\/div>\n\t\t\t\t<div class=\"elementor-element elementor-element-3f3ee03 elementor-widget elementor-widget-gva-icon-box-styles\" data-id=\"3f3ee03\" data-element_type=\"widget\" data-settings=\"{&quot;_animation&quot;:&quot;none&quot;,&quot;_animation_delay&quot;:500}\" data-widget_type=\"gva-icon-box-styles.default\">\n\t\t\t\t<div class=\"elementor-widget-container\">\n\t\t\t\t\t<div class=\"gva-element-gva-icon-box-styles gva-element\">\r\n   \r\n   \r\n         <div class=\"widget gsc-icon-box-styles style-3\">\r\n         <div class=\"block-content\">\r\n            <div class=\"content-inner\">\r\n               \r\n                                 <h3 class=\"title\">\r\n                     What is a maintenance contract?                  <\/h3>\r\n               \r\n                                 <div class=\"desc\">Like a vehicle, for example, a WordPress site must be maintained regularly. The WordPress version, templates and plug-ins must be updated regularly, the function of the website subsequently checked and adjusted if necessary. \n\nIf desired, a technical maintenance contract can be concluded after the website has been created. The cost of this varies depending on the complexity of the website. I also offer content maintenance, e.g. updating\/adding texts or images. <\/div>\r\n               \r\n            <\/div>\r\n         <\/div>   \r\n      <\/div> \r\n      \r\n\r\n\r\n<\/div>\t\t\t\t<\/div>\n\t\t\t\t<\/div>\n\t\t\t\t<div class=\"elementor-element elementor-element-1bfd49d elementor-widget elementor-widget-gva-icon-box-styles\" data-id=\"1bfd49d\" data-element_type=\"widget\" data-settings=\"{&quot;_animation&quot;:&quot;none&quot;,&quot;_animation_delay&quot;:500}\" data-widget_type=\"gva-icon-box-styles.default\">\n\t\t\t\t<div class=\"elementor-widget-container\">\n\t\t\t\t\t<div class=\"gva-element-gva-icon-box-styles gva-element\">\r\n   \r\n   \r\n         <div class=\"widget gsc-icon-box-styles style-3\">\r\n         <div class=\"block-content\">\r\n            <div class=\"content-inner\">\r\n               \r\n                                 <h3 class=\"title\">\r\n                     <a href=\"https:\/\/sniffingdog.de\/en\/glossar\/\">What can I contribute as a customer?<\/a>                  <\/h3>\r\n               \r\n                                 <div class=\"desc\">The clearer your ideas about your own website are, the better. With a bit of research and a look at other websites, you can decide what style you like, what the rough structure of the site should look like and what content is important. But I am also happy to help with the concept. Important: A website can only be as good as the content it contains, i.e. images and text. Images in particular must meet certain minimum standards so that I can work with them.\n\n<\/div>\r\n               \r\n            <\/div>\r\n         <\/div>   \r\n      <\/div> \r\n      \r\n\r\n\r\n<\/div>\t\t\t\t<\/div>\n\t\t\t\t<\/div>\n\t\t\t\t<div class=\"elementor-element elementor-element-5d40916 elementor-widget elementor-widget-gva-icon-box-styles\" data-id=\"5d40916\" data-element_type=\"widget\" data-settings=\"{&quot;_animation&quot;:&quot;none&quot;,&quot;_animation_delay&quot;:500}\" data-widget_type=\"gva-icon-box-styles.default\">\n\t\t\t\t<div class=\"elementor-widget-container\">\n\t\t\t\t\t<div class=\"gva-element-gva-icon-box-styles gva-element\">\r\n   \r\n   \r\n         <div class=\"widget gsc-icon-box-styles style-3\">\r\n         <div class=\"block-content\">\r\n            <div class=\"content-inner\">\r\n               \r\n                                 <h3 class=\"title\">\r\n                     <a href=\"https:\/\/sniffingdog.de\/en\/glossar\/\">Where can I find an explanation of the technical terms?<\/a>                  <\/h3>\r\n               \r\n                                 <div class=\"desc translation-block\">I have created a small <a href=\"https:\/\/sniffingdog.de\/en\/glossar\" target=\"_self\">glossary<\/a> for this purpose.<\/div>\r\n               \r\n            <\/div>\r\n         <\/div>   \r\n      <\/div> \r\n      \r\n\r\n\r\n<\/div>\t\t\t\t<\/div>\n\t\t\t\t<\/div>\n\t\t\t\t<div class=\"elementor-element elementor-element-280af37 elementor-widget elementor-widget-spacer\" data-id=\"280af37\" data-element_type=\"widget\" data-widget_type=\"spacer.default\">\n\t\t\t\t<div class=\"elementor-widget-container\">\n\t\t\t\t\t\t\t<div class=\"elementor-spacer\">\n\t\t\t<div class=\"elementor-spacer-inner\"><\/div>\n\t\t<\/div>\n\t\t\t\t\t\t<\/div>\n\t\t\t\t<\/div>\n\t\t\t\t\t<\/div>\n\t\t<\/div>\n\t\t\t\t\t<\/div>\n\t\t<\/section>\n\t\t\t\t<\/div>","protected":false},"excerpt":{"rendered":"<p>Antworten auf h\u00e4ufige Fragen Was kostet eine Website? Jeder Kunde hat andere Bed\u00fcrfnisse und Vorstelllungen. Die H\u00f6he des Preises h\u00e4ngt von dem Umfang der Website, den einzelnen Leistungen sowie vom Kenntnisstand des Kunden und dem vorhandenen Material ab. Basis-Websites liegen im Bereich von 800 &#8211; 1200 \u20ac. Extraleistungen kommen hinzu. Was ist ein Wartungsvertrag? Wie [&hellip;]<\/p>","protected":false},"author":1,"featured_media":0,"parent":0,"menu_order":0,"comment_status":"closed","ping_status":"closed","template":"","meta":{"footnotes":""},"class_list":["post-6376","page","type-page","status-publish","hentry"],"yoast_head":"<!-- This site is optimized with the Yoast SEO plugin v27.5 - https:\/\/yoast.com\/product\/yoast-seo-wordpress\/ -->\n<title>FAQ<\/title>\n<meta name=\"description\" content=\"Antworten auf h\u00e4ufige Fragen\" \/>\n<meta name=\"robots\" content=\"index, follow, max-snippet:-1, max-image-preview:large, max-video-preview:-1\" \/>\n<link rel=\"canonical\" href=\"https:\/\/sniffingdog.de\/en\/faq\/\" \/>\n<meta property=\"og:locale\" content=\"en_GB\" \/>\n<meta property=\"og:type\" content=\"article\" \/>\n<meta property=\"og:title\" content=\"FAQ\" \/>\n<meta property=\"og:description\" content=\"Antworten auf h\u00e4ufige Fragen\" \/>\n<meta property=\"og:url\" content=\"https:\/\/sniffingdog.de\/en\/faq\/\" \/>\n<meta property=\"og:site_name\" content=\"Sniffing Dog\" \/>\n<meta property=\"article:publisher\" content=\"https:\/\/www.facebook.com\/sniffingdogdesign\" \/>\n<meta property=\"article:modified_time\" content=\"2025-02-19T12:33:52+00:00\" \/>\n<meta name=\"twitter:card\" content=\"summary_large_image\" \/>\n<meta name=\"twitter:label1\" content=\"Estimated reading time\" \/>\n\t<meta name=\"twitter:data1\" content=\"2 minutes\" \/>\n<script type=\"application\/ld+json\" class=\"yoast-schema-graph\">{\"@context\":\"https:\\\/\\\/schema.org\",\"@graph\":[{\"@type\":\"WebPage\",\"@id\":\"https:\\\/\\\/sniffingdog.de\\\/faq\\\/\",\"url\":\"https:\\\/\\\/sniffingdog.de\\\/faq\\\/\",\"name\":\"FAQ\",\"isPartOf\":{\"@id\":\"https:\\\/\\\/sniffingdog.de\\\/#website\"},\"datePublished\":\"2021-12-07T17:05:58+00:00\",\"dateModified\":\"2025-02-19T12:33:52+00:00\",\"description\":\"Antworten auf h\u00e4ufige Fragen\",\"breadcrumb\":{\"@id\":\"https:\\\/\\\/sniffingdog.de\\\/faq\\\/#breadcrumb\"},\"inLanguage\":\"en-GB\",\"potentialAction\":[{\"@type\":\"ReadAction\",\"target\":[\"https:\\\/\\\/sniffingdog.de\\\/faq\\\/\"]}]},{\"@type\":\"BreadcrumbList\",\"@id\":\"https:\\\/\\\/sniffingdog.de\\\/faq\\\/#breadcrumb\",\"itemListElement\":[{\"@type\":\"ListItem\",\"position\":1,\"name\":\"Startseite\",\"item\":\"https:\\\/\\\/sniffingdog.de\\\/\"},{\"@type\":\"ListItem\",\"position\":2,\"name\":\"FAQ\"}]},{\"@type\":\"WebSite\",\"@id\":\"https:\\\/\\\/sniffingdog.de\\\/#website\",\"url\":\"https:\\\/\\\/sniffingdog.de\\\/\",\"name\":\"Sniffing Dog Web Design\",\"description\":\"Websites f\u00fcr Unternehmen und Vereine\",\"alternateName\":\"Sniffing Dog\",\"potentialAction\":[{\"@type\":\"SearchAction\",\"target\":{\"@type\":\"EntryPoint\",\"urlTemplate\":\"https:\\\/\\\/sniffingdog.de\\\/?s={search_term_string}\"},\"query-input\":{\"@type\":\"PropertyValueSpecification\",\"valueRequired\":true,\"valueName\":\"search_term_string\"}}],\"inLanguage\":\"en-GB\"}]}<\/script>\n<!-- \/ Yoast SEO plugin. -->","yoast_head_json":{"title":"FAQ","description":"Frequently asked questions","robots":{"index":"index","follow":"follow","max-snippet":"max-snippet:-1","max-image-preview":"max-image-preview:large","max-video-preview":"max-video-preview:-1"},"canonical":"https:\/\/sniffingdog.de\/en\/faq\/","og_locale":"en_GB","og_type":"article","og_title":"FAQ","og_description":"Antworten auf h\u00e4ufige Fragen","og_url":"https:\/\/sniffingdog.de\/en\/faq\/","og_site_name":"Sniffing Dog","article_publisher":"https:\/\/www.facebook.com\/sniffingdogdesign","article_modified_time":"2025-02-19T12:33:52+00:00","twitter_card":"summary_large_image","twitter_misc":{"Estimated reading time":"2 minutes"},"schema":{"@context":"https:\/\/schema.org","@graph":[{"@type":"WebPage","@id":"https:\/\/sniffingdog.de\/faq\/","url":"https:\/\/sniffingdog.de\/faq\/","name":"FAQ","isPartOf":{"@id":"https:\/\/sniffingdog.de\/#website"},"datePublished":"2021-12-07T17:05:58+00:00","dateModified":"2025-02-19T12:33:52+00:00","description":"Frequently asked questions","breadcrumb":{"@id":"https:\/\/sniffingdog.de\/faq\/#breadcrumb"},"inLanguage":"en-GB","potentialAction":[{"@type":"ReadAction","target":["https:\/\/sniffingdog.de\/faq\/"]}]},{"@type":"BreadcrumbList","@id":"https:\/\/sniffingdog.de\/faq\/#breadcrumb","itemListElement":[{"@type":"ListItem","position":1,"name":"Startseite","item":"https:\/\/sniffingdog.de\/"},{"@type":"ListItem","position":2,"name":"FAQ"}]},{"@type":"WebSite","@id":"https:\/\/sniffingdog.de\/#website","url":"https:\/\/sniffingdog.de\/","name":"Sniffing Dog Web Design","description":"Websites f\u00fcr Unternehmen und Vereine","alternateName":"Sniffing Dog","potentialAction":[{"@type":"SearchAction","target":{"@type":"EntryPoint","urlTemplate":"https:\/\/sniffingdog.de\/?s={search_term_string}"},"query-input":{"@type":"PropertyValueSpecification","valueRequired":true,"valueName":"search_term_string"}}],"inLanguage":"en-GB"}]}},"_links":{"self":[{"href":"https:\/\/sniffingdog.de\/en\/wp-json\/wp\/v2\/pages\/6376","targetHints":{"allow":["GET"]}}],"collection":[{"href":"https:\/\/sniffingdog.de\/en\/wp-json\/wp\/v2\/pages"}],"about":[{"href":"https:\/\/sniffingdog.de\/en\/wp-json\/wp\/v2\/types\/page"}],"author":[{"embeddable":true,"href":"https:\/\/sniffingdog.de\/en\/wp-json\/wp\/v2\/users\/1"}],"replies":[{"embeddable":true,"href":"https:\/\/sniffingdog.de\/en\/wp-json\/wp\/v2\/comments?post=6376"}],"version-history":[{"count":1,"href":"https:\/\/sniffingdog.de\/en\/wp-json\/wp\/v2\/pages\/6376\/revisions"}],"predecessor-version":[{"id":7982,"href":"https:\/\/sniffingdog.de\/en\/wp-json\/wp\/v2\/pages\/6376\/revisions\/7982"}],"wp:attachment":[{"href":"https:\/\/sniffingdog.de\/en\/wp-json\/wp\/v2\/media?parent=6376"}],"curies":[{"name":"wp","href":"https:\/\/api.w.org\/{rel}","templated":true}]}}