{"id":5524,"date":"2020-05-23T14:22:14","date_gmt":"2020-05-23T12:22:14","guid":{"rendered":"https:\/\/webadoodle.de\/?page_id=5524"},"modified":"2025-02-19T12:10:53","modified_gmt":"2025-02-19T11:10:53","slug":"agbs","status":"publish","type":"page","link":"https:\/\/sniffingdog.de\/en\/agbs\/","title":{"rendered":"T&amp;Cs"},"content":{"rendered":"<div data-elementor-type=\"wp-post\" data-elementor-id=\"5524\" class=\"elementor elementor-5524\">\n\t\t\t\t\t\t<section class=\"elementor-section elementor-top-section elementor-element elementor-element-c51512b elementor-section-boxed elementor-section-height-default elementor-section-height-default\" data-id=\"c51512b\" data-element_type=\"section\">\n\t\t\t\t\t\t<div class=\"elementor-container elementor-column-gap-default\">\n\t\t\t\t\t<div class=\"elementor-column elementor-col-100 elementor-top-column elementor-element elementor-element-80652c1 column-style-top column-top\" data-id=\"80652c1\" data-element_type=\"column\">\n\t\t\t<div class=\"elementor-widget-wrap elementor-element-populated\">\n\t\t\t\t\t\t<div class=\"elementor-element elementor-element-1025bc6 elementor-widget elementor-widget-gva-heading-block\" data-id=\"1025bc6\" data-element_type=\"widget\" data-widget_type=\"gva-heading-block.default\">\n\t\t\t\t<div class=\"elementor-widget-container\">\n\t\t\t\t\t<div class=\"gva-element-gva-heading-block gva-element\">   <div class=\"align-left style-1 widget gsc-heading\">\r\n      <div class=\"content-inner\">\r\n           \r\n                     <h2 class=\"title\">\r\n               <span>General Terms and Conditions \/ Sample Contract (B2B)<\/span>\r\n            <\/h2>\r\n                           \r\n               <\/div>\r\n   <\/div>\r\n   <div class=\"clearfix\"><\/div>\r\n<\/div>\t\t\t\t<\/div>\n\t\t\t\t<\/div>\n\t\t\t\t<div class=\"elementor-element elementor-element-d395014 elementor-widget elementor-widget-text-editor\" data-id=\"d395014\" data-element_type=\"widget\" data-widget_type=\"text-editor.default\">\n\t\t\t\t<div class=\"elementor-widget-container\">\n\t\t\t\t\t\t\t\t\t<ol><li><strong>Scope of validity<\/strong><\/li><\/ol><p><strong>\u00a0<\/strong>1.1 The following general terms and conditions apply to all legal transactions of the web designer under this contract with her contractual partner, hereinafter referred to as \"client\".<\/p><p>1.2<strong>\u00a0\u00a0 The customer shall be notified in writing of any amendments to these terms and conditions.<\/strong> They shall be deemed to have been approved if the client does not raise an objection in writing. The client must send the objection to the web designer within 4 weeks after notification of the changes.<\/p><p>\u00a0<\/p><ol start=\"2\"><li><strong> Forwarded orders<\/strong><\/li><\/ol><p>2.1 If an order is executed in such a way that the web designer entrusts a third party with its further completion, the web designer shall fulfil the order by passing it on to the third party in her own name.<\/p><p>2.2 The offers of the web designer are free and non-binding. The prices stated in the individual offer are valid; all other prices are listed in the current price list.<\/p><p>\u00a0<\/p><ol start=\"3\"><li><strong>Conclusion of the contract<\/strong><\/li><\/ol><p>3.1 A contract with the web designer is concluded by the transmission of the signed customer order by fax, e-mail or by the sending of the order confirmation by the web designer.<\/p><p>3.2 The contents of the service contract shall be specified separately in the contract.<\/p><p>\u00a0<\/p><ol start=\"4\"><li><strong> Data<\/strong><\/li><\/ol><p>\u00a0\u00a0\u00a0\u00a0\u00a0\u00a0\u00a0 The client shall indemnify the web designer against all claims of third parties with regard to the data provided. In the event of a loss of data, the web designer cannot be held liable unless she has acted with intent or gross negligence. The client undertakes, in the event that the web designer is not at fault or is responsible, to transmit all necessary data to the web designer again free of charge.<\/p><p>\u00a0<\/p><ol start=\"5\"><li><strong>Data protection<\/strong><\/li><\/ol><p>\u00a0\u00a0\u00a0\u00a0\u00a0\u00a0\u00a0 The contracting party agrees that, within the framework of the contract concluded with him, data relating to his person may be stored, amended and or deleted and, where necessary, transmitted to third parties. This applies in particular to the transmission of data which is necessary for the registration and or change of a domain (internet address).<\/p><p>\u00a0<\/p><ol start=\"6\"><li><strong>Prices and payments<\/strong><\/li><\/ol><p>Invoices are issued in advance and according to the price agreed individually with the customer. All invoices are payable immediately and without deduction.<\/p><p>After receipt of the invoice amount by the web designer and availability of the client's data required for the services, the contractually agreed services shall be carried out by the web designer. If the client is in arrears with payments due, the web designer reserves the right not to carry out further services until the outstanding amount has been settled and to pass on any resulting costs to the client.<\/p><p>Objections due to incorrectness or incompleteness of a statement of account must be raised by the customer within 4 weeks after receipt of the statement of account at the latest; if the customer raises his objections in writing, it is sufficient to send them within the 4-week period. Failure to raise objections in due time shall be deemed to constitute approval.<\/p><p>\u00a0<\/p><ol start=\"7\"><li><strong>Trademarks\/Copyrights<\/strong><\/li><\/ol><p>\u00a0\u00a0\u00a0\u00a0\u00a0\u00a0\u00a0 The customer is obliged to assume all legal responsibility with regard to copyright protection, protection of minors, press law and the \"right to one's own image\". For publications commissioned by the client, only texts and images are to be published or made available for publication for which a corresponding right of use exists and for which the necessary consent of any persons depicted has been obtained. The copyright to all works created by the web designer shall remain with the web designer.<\/p><p>\u00a0<\/p><ol start=\"8\"><li><strong>Liability<\/strong><\/li><\/ol><p>8.1 The risk of the legal admissibility of the activity and creation of projects by the web designer shall be borne by the client. The client shall indemnify the web designer against claims by third parties if the web designer has acted at the client's express request, although she has informed the client of her concerns regarding the permissibility of the measures.<\/p><p>8.2 If the web designer considers an examination under competition law by a particularly competent person or institution to be necessary for the measures to be carried out, the client shall bear the costs after consultation.<\/p><p>8.3 Claims for damages against the web designer are excluded unless they are based on intentional or grossly negligent conduct on the part of the designer himself or his vicarious agents. The limitation period for the assertion of claims for damages shall be three years and shall commence on the date on which the act triggering the obligation to pay damages was committed. Should the statutory limitation periods lead to a shorter limitation period for the web designer in individual cases, these shall apply.<\/p><p>8.4 The statutory provisions of the German Civil Code shall apply to all other claims for damages.<\/p><p>8.5 The amount of the web designer's liability shall be limited to the typical damage in comparable transactions of this type that was foreseeable at the time the contract was concluded or at the latest when the breach of duty was committed.<\/p><p>8.6 The web designer's liability for consequential harm caused by a defect on the legal grounds of positive breach of contract is excluded if and insofar as the liability of the same does not arise from a breach of the obligations essential to the fulfilment of the purpose of the contract.<\/p><p>\u00a0<\/p><ol start=\"9\"><li><strong>Applicable law and place of jurisdiction<\/strong><\/li><\/ol><p>9.1 The business relationship between the client and the web designer shall be governed by German law.<\/p><p>9.2 The agreement on the place of jurisdiction applies equally to domestic and foreign customers.<\/p><p>9.3 The place of performance and jurisdiction for all services and disputes shall be exclusively the registered office of the web designer.<\/p><p>\u00a0<\/p><ol start=\"10\"><li><strong>Other regulations<\/strong><\/li><\/ol><p>10.1 There are no verbal ancillary agreements to this contract.<\/p>\t\t\t\t\t\t\t\t<\/div>\n\t\t\t\t<\/div>\n\t\t\t\t\t<\/div>\n\t\t<\/div>\n\t\t\t\t\t<\/div>\n\t\t<\/section>\n\t\t\t\t<\/div>","protected":false},"excerpt":{"rendered":"<p>Allgemeine Gesch\u00e4ftsbedingungen \/ Mustervertrag (B2B) Geltungsbereich \u00a01.1\u00a0\u00a0 Die nachstehenden allgemeinen Gesch\u00e4ftsbedingungen gelten f\u00fcr alle Rechtsgesch\u00e4fte der Webdesignerin nach diesem Vertrag mit ihrem Vertragspartner, nachstehend &#8222;Kunde&#8220; genannt. 1.2\u00a0\u00a0 \u00c4nderungen dieser Gesch\u00e4ftsbedingungen werden dem Kunden schriftlich bekannt gegeben. Sie gelten als genehmigt, wenn der Kunde nicht schriftlich Widerspruch erhebt. Der Kunde muss den Widerspruch innerhalb von 4 [&hellip;]<\/p>","protected":false},"author":1,"featured_media":0,"parent":0,"menu_order":0,"comment_status":"closed","ping_status":"closed","template":"","meta":{"footnotes":""},"class_list":["post-5524","page","type-page","status-publish","hentry"],"yoast_head":"<!-- This site is optimized with the Yoast SEO plugin v27.5 - https:\/\/yoast.com\/product\/yoast-seo-wordpress\/ -->\n<title>AGBs<\/title>\n<meta name=\"description\" content=\"Allgemeine Gesch\u00e4ftsbedingungen von Sniffing Dog Webdesign\" \/>\n<meta name=\"robots\" content=\"noindex, follow\" \/>\n<meta property=\"og:locale\" content=\"en_GB\" \/>\n<meta property=\"og:type\" content=\"article\" \/>\n<meta property=\"og:title\" content=\"AGBs\" \/>\n<meta property=\"og:description\" content=\"Allgemeine Gesch\u00e4ftsbedingungen von Sniffing Dog Webdesign\" \/>\n<meta property=\"og:url\" content=\"https:\/\/sniffingdog.de\/en\/agbs\/\" \/>\n<meta property=\"og:site_name\" content=\"Sniffing Dog\" \/>\n<meta property=\"article:publisher\" content=\"https:\/\/www.facebook.com\/sniffingdogdesign\" \/>\n<meta property=\"article:modified_time\" content=\"2025-02-19T11:10:53+00:00\" \/>\n<meta name=\"twitter:card\" content=\"summary_large_image\" \/>\n<meta name=\"twitter:label1\" content=\"Estimated reading time\" \/>\n\t<meta name=\"twitter:data1\" content=\"5 minutes\" \/>\n<script type=\"application\/ld+json\" class=\"yoast-schema-graph\">{\"@context\":\"https:\\\/\\\/schema.org\",\"@graph\":[{\"@type\":\"WebPage\",\"@id\":\"https:\\\/\\\/sniffingdog.de\\\/agbs\\\/\",\"url\":\"https:\\\/\\\/sniffingdog.de\\\/agbs\\\/\",\"name\":\"AGBs\",\"isPartOf\":{\"@id\":\"https:\\\/\\\/sniffingdog.de\\\/#website\"},\"datePublished\":\"2020-05-23T12:22:14+00:00\",\"dateModified\":\"2025-02-19T11:10:53+00:00\",\"description\":\"Allgemeine Gesch\u00e4ftsbedingungen von Sniffing Dog Webdesign\",\"breadcrumb\":{\"@id\":\"https:\\\/\\\/sniffingdog.de\\\/agbs\\\/#breadcrumb\"},\"inLanguage\":\"en-GB\",\"potentialAction\":[{\"@type\":\"ReadAction\",\"target\":[\"https:\\\/\\\/sniffingdog.de\\\/agbs\\\/\"]}]},{\"@type\":\"BreadcrumbList\",\"@id\":\"https:\\\/\\\/sniffingdog.de\\\/agbs\\\/#breadcrumb\",\"itemListElement\":[{\"@type\":\"ListItem\",\"position\":1,\"name\":\"Startseite\",\"item\":\"https:\\\/\\\/sniffingdog.de\\\/\"},{\"@type\":\"ListItem\",\"position\":2,\"name\":\"AGBs\"}]},{\"@type\":\"WebSite\",\"@id\":\"https:\\\/\\\/sniffingdog.de\\\/#website\",\"url\":\"https:\\\/\\\/sniffingdog.de\\\/\",\"name\":\"Sniffing Dog Web Design\",\"description\":\"Websites f\u00fcr Unternehmen und Vereine\",\"alternateName\":\"Sniffing Dog\",\"potentialAction\":[{\"@type\":\"SearchAction\",\"target\":{\"@type\":\"EntryPoint\",\"urlTemplate\":\"https:\\\/\\\/sniffingdog.de\\\/?s={search_term_string}\"},\"query-input\":{\"@type\":\"PropertyValueSpecification\",\"valueRequired\":true,\"valueName\":\"search_term_string\"}}],\"inLanguage\":\"en-GB\"}]}<\/script>\n<!-- \/ Yoast SEO plugin. -->","yoast_head_json":{"title":"T&amp;Cs","description":"Allgemeine Gesch\u00e4ftsbedingungen von Sniffing Dog Webdesign","robots":{"index":"noindex","follow":"follow"},"og_locale":"en_GB","og_type":"article","og_title":"AGBs","og_description":"Allgemeine Gesch\u00e4ftsbedingungen von Sniffing Dog Webdesign","og_url":"https:\/\/sniffingdog.de\/en\/agbs\/","og_site_name":"Sniffing Dog","article_publisher":"https:\/\/www.facebook.com\/sniffingdogdesign","article_modified_time":"2025-02-19T11:10:53+00:00","twitter_card":"summary_large_image","twitter_misc":{"Estimated reading time":"5 minutes"},"schema":{"@context":"https:\/\/schema.org","@graph":[{"@type":"WebPage","@id":"https:\/\/sniffingdog.de\/agbs\/","url":"https:\/\/sniffingdog.de\/agbs\/","name":"T&amp;Cs","isPartOf":{"@id":"https:\/\/sniffingdog.de\/#website"},"datePublished":"2020-05-23T12:22:14+00:00","dateModified":"2025-02-19T11:10:53+00:00","description":"Allgemeine Gesch\u00e4ftsbedingungen von Sniffing Dog Webdesign","breadcrumb":{"@id":"https:\/\/sniffingdog.de\/agbs\/#breadcrumb"},"inLanguage":"en-GB","potentialAction":[{"@type":"ReadAction","target":["https:\/\/sniffingdog.de\/agbs\/"]}]},{"@type":"BreadcrumbList","@id":"https:\/\/sniffingdog.de\/agbs\/#breadcrumb","itemListElement":[{"@type":"ListItem","position":1,"name":"Startseite","item":"https:\/\/sniffingdog.de\/"},{"@type":"ListItem","position":2,"name":"AGBs"}]},{"@type":"WebSite","@id":"https:\/\/sniffingdog.de\/#website","url":"https:\/\/sniffingdog.de\/","name":"Sniffing Dog Web Design","description":"Websites f\u00fcr Unternehmen und Vereine","alternateName":"Sniffing Dog","potentialAction":[{"@type":"SearchAction","target":{"@type":"EntryPoint","urlTemplate":"https:\/\/sniffingdog.de\/?s={search_term_string}"},"query-input":{"@type":"PropertyValueSpecification","valueRequired":true,"valueName":"search_term_string"}}],"inLanguage":"en-GB"}]}},"_links":{"self":[{"href":"https:\/\/sniffingdog.de\/en\/wp-json\/wp\/v2\/pages\/5524","targetHints":{"allow":["GET"]}}],"collection":[{"href":"https:\/\/sniffingdog.de\/en\/wp-json\/wp\/v2\/pages"}],"about":[{"href":"https:\/\/sniffingdog.de\/en\/wp-json\/wp\/v2\/types\/page"}],"author":[{"embeddable":true,"href":"https:\/\/sniffingdog.de\/en\/wp-json\/wp\/v2\/users\/1"}],"replies":[{"embeddable":true,"href":"https:\/\/sniffingdog.de\/en\/wp-json\/wp\/v2\/comments?post=5524"}],"version-history":[{"count":2,"href":"https:\/\/sniffingdog.de\/en\/wp-json\/wp\/v2\/pages\/5524\/revisions"}],"predecessor-version":[{"id":7986,"href":"https:\/\/sniffingdog.de\/en\/wp-json\/wp\/v2\/pages\/5524\/revisions\/7986"}],"wp:attachment":[{"href":"https:\/\/sniffingdog.de\/en\/wp-json\/wp\/v2\/media?parent=5524"}],"curies":[{"name":"wp","href":"https:\/\/api.w.org\/{rel}","templated":true}]}}